{"id":3344,"date":"2023-12-26T22:21:43","date_gmt":"2023-12-26T21:21:43","guid":{"rendered":"http:\/\/rkcompany.com\/produkt\/ovalita\/"},"modified":"2024-01-21T13:57:34","modified_gmt":"2024-01-21T12:57:34","slug":"ovality","status":"publish","type":"product","link":"https:\/\/rkcompany.com\/en\/produkt\/ovality\/","title":{"rendered":"OVALITY"},"content":{"rendered":"<p>Carbon insert &#8211; ovality &#8211; for an easier grip on the paddle.<\/p>\n","protected":false},"excerpt":{"rendered":"<p>Carbon insert &#8211; ovality &#8211; for an easier grip on the paddle.<\/p>\n","protected":false},"featured_media":3237,"comment_status":"closed","ping_status":"closed","template":"","meta":[],"product_brand":[],"product_cat":[96,109,112],"product_tag":[],"class_list":{"0":"post-3344","1":"product","2":"type-product","3":"status-publish","4":"has-post-thumbnail","6":"product_cat-accessories","7":"product_cat-for-paddles","8":"product_cat-others","10":"first","11":"instock","12":"shipping-taxable","13":"product-type-simple"},"acf":[],"yoast_head":"<!-- This site is optimized with the Yoast SEO plugin v26.1.1 - https:\/\/yoast.com\/wordpress\/plugins\/seo\/ -->\n<title>OVALITY - RK Company<\/title>\n<meta name=\"description\" content=\"Carbon insert - ovality - for an easier grip on the paddle.\" \/>\n<meta name=\"robots\" content=\"index, follow, max-snippet:-1, max-image-preview:large, max-video-preview:-1\" \/>\n<link rel=\"canonical\" href=\"https:\/\/rkcompany.com\/en\/produkt\/ovality\/\" \/>\n<meta property=\"og:locale\" content=\"en_US\" \/>\n<meta property=\"og:type\" content=\"article\" \/>\n<meta property=\"og:title\" content=\"OVALITY - RK Company\" \/>\n<meta property=\"og:description\" content=\"Carbon insert - ovality - for an easier grip on the paddle.\" \/>\n<meta property=\"og:url\" content=\"https:\/\/rkcompany.com\/en\/produkt\/ovality\/\" \/>\n<meta property=\"og:site_name\" content=\"RK Company\" \/>\n<meta property=\"article:modified_time\" content=\"2024-01-21T12:57:34+00:00\" \/>\n<meta property=\"og:image\" content=\"https:\/\/rkcompany.com\/wp-content\/uploads\/2023\/12\/IMG_0772-e1703625563657.jpg\" \/>\n\t<meta property=\"og:image:width\" content=\"2489\" \/>\n\t<meta property=\"og:image:height\" content=\"2145\" \/>\n\t<meta property=\"og:image:type\" content=\"image\/jpeg\" \/>\n<meta name=\"twitter:card\" content=\"summary_large_image\" \/>\n<meta name=\"twitter:label1\" content=\"Est. reading time\" \/>\n\t<meta name=\"twitter:data1\" content=\"1 minute\" \/>\n<script type=\"application\/ld+json\" class=\"yoast-schema-graph\">{\"@context\":\"https:\/\/schema.org\",\"@graph\":[{\"@type\":\"WebPage\",\"@id\":\"https:\/\/rkcompany.com\/en\/produkt\/ovality\/\",\"url\":\"https:\/\/rkcompany.com\/en\/produkt\/ovality\/\",\"name\":\"OVALITY - RK Company\",\"isPartOf\":{\"@id\":\"https:\/\/rkcompany.com\/#website\"},\"primaryImageOfPage\":{\"@id\":\"https:\/\/rkcompany.com\/en\/produkt\/ovality\/#primaryimage\"},\"image\":{\"@id\":\"https:\/\/rkcompany.com\/en\/produkt\/ovality\/#primaryimage\"},\"thumbnailUrl\":\"https:\/\/rkcompany.com\/wp-content\/uploads\/2023\/12\/IMG_0772-e1703625563657.jpg\",\"datePublished\":\"2023-12-26T21:21:43+00:00\",\"dateModified\":\"2024-01-21T12:57:34+00:00\",\"description\":\"Carbon insert - ovality - for an easier grip on the paddle.\",\"breadcrumb\":{\"@id\":\"https:\/\/rkcompany.com\/en\/produkt\/ovality\/#breadcrumb\"},\"inLanguage\":\"en-US\",\"potentialAction\":[{\"@type\":\"ReadAction\",\"target\":[\"https:\/\/rkcompany.com\/en\/produkt\/ovality\/\"]}]},{\"@type\":\"ImageObject\",\"inLanguage\":\"en-US\",\"@id\":\"https:\/\/rkcompany.com\/en\/produkt\/ovality\/#primaryimage\",\"url\":\"https:\/\/rkcompany.com\/wp-content\/uploads\/2023\/12\/IMG_0772-e1703625563657.jpg\",\"contentUrl\":\"https:\/\/rkcompany.com\/wp-content\/uploads\/2023\/12\/IMG_0772-e1703625563657.jpg\",\"width\":2489,\"height\":2145},{\"@type\":\"BreadcrumbList\",\"@id\":\"https:\/\/rkcompany.com\/en\/produkt\/ovality\/#breadcrumb\",\"itemListElement\":[{\"@type\":\"ListItem\",\"position\":1,\"name\":\"Dom\u016f\",\"item\":\"https:\/\/rkcompany.com\/\"},{\"@type\":\"ListItem\",\"position\":2,\"name\":\"Obchod\",\"item\":\"https:\/\/rkcompany.com\/obchod\/\"},{\"@type\":\"ListItem\",\"position\":3,\"name\":\"OVALITY\"}]},{\"@type\":\"WebSite\",\"@id\":\"https:\/\/rkcompany.com\/#website\",\"url\":\"https:\/\/rkcompany.com\/\",\"name\":\"RK Company\",\"description\":\"V\u00fdvoji a stavba lod\u00ed, p\u00e1del a p\u0159\u00edslu\u0161enstv\u00ed\",\"potentialAction\":[{\"@type\":\"SearchAction\",\"target\":{\"@type\":\"EntryPoint\",\"urlTemplate\":\"https:\/\/rkcompany.com\/?s={search_term_string}\"},\"query-input\":{\"@type\":\"PropertyValueSpecification\",\"valueRequired\":true,\"valueName\":\"search_term_string\"}}],\"inLanguage\":\"en-US\"}]}<\/script>\n<!-- \/ Yoast SEO plugin. -->","yoast_head_json":{"title":"OVALITY - RK Company","description":"Carbon insert - ovality - for an easier grip on the paddle.","robots":{"index":"index","follow":"follow","max-snippet":"max-snippet:-1","max-image-preview":"max-image-preview:large","max-video-preview":"max-video-preview:-1"},"canonical":"https:\/\/rkcompany.com\/en\/produkt\/ovality\/","og_locale":"en_US","og_type":"article","og_title":"OVALITY - RK Company","og_description":"Carbon insert - ovality - for an easier grip on the paddle.","og_url":"https:\/\/rkcompany.com\/en\/produkt\/ovality\/","og_site_name":"RK Company","article_modified_time":"2024-01-21T12:57:34+00:00","og_image":[{"width":2489,"height":2145,"url":"https:\/\/rkcompany.com\/wp-content\/uploads\/2023\/12\/IMG_0772-e1703625563657.jpg","type":"image\/jpeg"}],"twitter_card":"summary_large_image","twitter_misc":{"Est. reading time":"1 minute"},"schema":{"@context":"https:\/\/schema.org","@graph":[{"@type":"WebPage","@id":"https:\/\/rkcompany.com\/en\/produkt\/ovality\/","url":"https:\/\/rkcompany.com\/en\/produkt\/ovality\/","name":"OVALITY - RK Company","isPartOf":{"@id":"https:\/\/rkcompany.com\/#website"},"primaryImageOfPage":{"@id":"https:\/\/rkcompany.com\/en\/produkt\/ovality\/#primaryimage"},"image":{"@id":"https:\/\/rkcompany.com\/en\/produkt\/ovality\/#primaryimage"},"thumbnailUrl":"https:\/\/rkcompany.com\/wp-content\/uploads\/2023\/12\/IMG_0772-e1703625563657.jpg","datePublished":"2023-12-26T21:21:43+00:00","dateModified":"2024-01-21T12:57:34+00:00","description":"Carbon insert - ovality - for an easier grip on the paddle.","breadcrumb":{"@id":"https:\/\/rkcompany.com\/en\/produkt\/ovality\/#breadcrumb"},"inLanguage":"en-US","potentialAction":[{"@type":"ReadAction","target":["https:\/\/rkcompany.com\/en\/produkt\/ovality\/"]}]},{"@type":"ImageObject","inLanguage":"en-US","@id":"https:\/\/rkcompany.com\/en\/produkt\/ovality\/#primaryimage","url":"https:\/\/rkcompany.com\/wp-content\/uploads\/2023\/12\/IMG_0772-e1703625563657.jpg","contentUrl":"https:\/\/rkcompany.com\/wp-content\/uploads\/2023\/12\/IMG_0772-e1703625563657.jpg","width":2489,"height":2145},{"@type":"BreadcrumbList","@id":"https:\/\/rkcompany.com\/en\/produkt\/ovality\/#breadcrumb","itemListElement":[{"@type":"ListItem","position":1,"name":"Dom\u016f","item":"https:\/\/rkcompany.com\/"},{"@type":"ListItem","position":2,"name":"Obchod","item":"https:\/\/rkcompany.com\/obchod\/"},{"@type":"ListItem","position":3,"name":"OVALITY"}]},{"@type":"WebSite","@id":"https:\/\/rkcompany.com\/#website","url":"https:\/\/rkcompany.com\/","name":"RK Company","description":"V\u00fdvoji a stavba lod\u00ed, p\u00e1del a p\u0159\u00edslu\u0161enstv\u00ed","potentialAction":[{"@type":"SearchAction","target":{"@type":"EntryPoint","urlTemplate":"https:\/\/rkcompany.com\/?s={search_term_string}"},"query-input":{"@type":"PropertyValueSpecification","valueRequired":true,"valueName":"search_term_string"}}],"inLanguage":"en-US"}]}},"_links":{"self":[{"href":"https:\/\/rkcompany.com\/en\/wp-json\/wp\/v2\/product\/3344","targetHints":{"allow":["GET"]}}],"collection":[{"href":"https:\/\/rkcompany.com\/en\/wp-json\/wp\/v2\/product"}],"about":[{"href":"https:\/\/rkcompany.com\/en\/wp-json\/wp\/v2\/types\/product"}],"replies":[{"embeddable":true,"href":"https:\/\/rkcompany.com\/en\/wp-json\/wp\/v2\/comments?post=3344"}],"wp:featuredmedia":[{"embeddable":true,"href":"https:\/\/rkcompany.com\/en\/wp-json\/wp\/v2\/media\/3237"}],"wp:attachment":[{"href":"https:\/\/rkcompany.com\/en\/wp-json\/wp\/v2\/media?parent=3344"}],"wp:term":[{"taxonomy":"product_brand","embeddable":true,"href":"https:\/\/rkcompany.com\/en\/wp-json\/wp\/v2\/product_brand?post=3344"},{"taxonomy":"product_cat","embeddable":true,"href":"https:\/\/rkcompany.com\/en\/wp-json\/wp\/v2\/product_cat?post=3344"},{"taxonomy":"product_tag","embeddable":true,"href":"https:\/\/rkcompany.com\/en\/wp-json\/wp\/v2\/product_tag?post=3344"}],"curies":[{"name":"wp","href":"https:\/\/api.w.org\/{rel}","templated":true}]}}