{"id":1932,"date":"2023-08-12T14:43:14","date_gmt":"2023-08-12T12:43:14","guid":{"rendered":"http:\/\/rkcompany.com\/produkt\/sjezdova-deblkanoe-shiro\/"},"modified":"2023-12-27T21:56:55","modified_gmt":"2023-12-27T20:56:55","slug":"downriver-c2-shiro","status":"publish","type":"product","link":"https:\/\/rkcompany.com\/en\/produkt\/downriver-c2-shiro\/","title":{"rendered":"SHIRO"},"content":{"rendered":"<p>SHIRO is a&nbsp;great, stable model designed especially for long distances.<\/p>\n<p>Doublecanoe excels in its inertia, speed, does not overturn in turns and keeps its direction. Thanks to the massive bow, it jumps over the waves when riding in white water, but with a&nbsp;sharp tip, there are no braking effects when breaking up water.<\/p>\n<p>It is universal and can therefore be used by all age groups.<\/p>\n","protected":false},"excerpt":{"rendered":"<p>SHIRO is a&nbsp;great, stable model designed especially for long distances.<\/p>\n","protected":false},"featured_media":1823,"comment_status":"closed","ping_status":"closed","template":"","meta":[],"product_brand":[],"product_cat":[94,98,131],"product_tag":[],"class_list":{"0":"post-1932","1":"product","2":"type-product","3":"status-publish","4":"has-post-thumbnail","6":"product_cat-boats","7":"product_cat-down-river-boats","8":"product_cat-downriver_boats_c2","10":"first","11":"instock","12":"shipping-taxable","13":"product-type-simple"},"acf":[],"yoast_head":"<!-- This site is optimized with the Yoast SEO plugin v26.1.1 - https:\/\/yoast.com\/wordpress\/plugins\/seo\/ -->\n<title>SHIRO downriver C2 - RK Company<\/title>\n<meta name=\"description\" content=\"SHIRO is a great, stable model designed especially for long distances. Doublecanoe excels in its inertia, speed, does not overturn in turns and keeps its direction.\" \/>\n<meta name=\"robots\" content=\"index, follow, max-snippet:-1, max-image-preview:large, max-video-preview:-1\" \/>\n<link rel=\"canonical\" href=\"https:\/\/rkcompany.com\/en\/produkt\/downriver-c2-shiro\/\" \/>\n<meta property=\"og:locale\" content=\"en_US\" \/>\n<meta property=\"og:type\" content=\"article\" \/>\n<meta property=\"og:title\" content=\"SHIRO downriver C2 - RK Company\" \/>\n<meta property=\"og:description\" content=\"SHIRO is a great, stable model designed especially for long distances. Doublecanoe excels in its inertia, speed, does not overturn in turns and keeps its direction.\" \/>\n<meta property=\"og:url\" content=\"https:\/\/rkcompany.com\/en\/produkt\/downriver-c2-shiro\/\" \/>\n<meta property=\"og:site_name\" content=\"RK Company\" \/>\n<meta property=\"article:modified_time\" content=\"2023-12-27T20:56:55+00:00\" \/>\n<meta property=\"og:image\" content=\"https:\/\/rkcompany.com\/wp-content\/uploads\/2023\/08\/shiro2.jpg\" \/>\n\t<meta property=\"og:image:width\" content=\"750\" \/>\n\t<meta property=\"og:image:height\" content=\"500\" \/>\n\t<meta property=\"og:image:type\" content=\"image\/jpeg\" \/>\n<meta name=\"twitter:card\" content=\"summary_large_image\" \/>\n<meta name=\"twitter:label1\" content=\"Est. reading time\" \/>\n\t<meta name=\"twitter:data1\" content=\"1 minute\" \/>\n<script type=\"application\/ld+json\" class=\"yoast-schema-graph\">{\"@context\":\"https:\/\/schema.org\",\"@graph\":[{\"@type\":\"WebPage\",\"@id\":\"https:\/\/rkcompany.com\/en\/produkt\/downriver-c2-shiro\/\",\"url\":\"https:\/\/rkcompany.com\/en\/produkt\/downriver-c2-shiro\/\",\"name\":\"SHIRO downriver C2 - RK Company\",\"isPartOf\":{\"@id\":\"https:\/\/rkcompany.com\/#website\"},\"primaryImageOfPage\":{\"@id\":\"https:\/\/rkcompany.com\/en\/produkt\/downriver-c2-shiro\/#primaryimage\"},\"image\":{\"@id\":\"https:\/\/rkcompany.com\/en\/produkt\/downriver-c2-shiro\/#primaryimage\"},\"thumbnailUrl\":\"https:\/\/rkcompany.com\/wp-content\/uploads\/2023\/08\/shiro2.jpg\",\"datePublished\":\"2023-08-12T12:43:14+00:00\",\"dateModified\":\"2023-12-27T20:56:55+00:00\",\"description\":\"SHIRO is a great, stable model designed especially for long distances. Doublecanoe excels in its inertia, speed, does not overturn in turns and keeps its direction.\",\"breadcrumb\":{\"@id\":\"https:\/\/rkcompany.com\/en\/produkt\/downriver-c2-shiro\/#breadcrumb\"},\"inLanguage\":\"en-US\",\"potentialAction\":[{\"@type\":\"ReadAction\",\"target\":[\"https:\/\/rkcompany.com\/en\/produkt\/downriver-c2-shiro\/\"]}]},{\"@type\":\"ImageObject\",\"inLanguage\":\"en-US\",\"@id\":\"https:\/\/rkcompany.com\/en\/produkt\/downriver-c2-shiro\/#primaryimage\",\"url\":\"https:\/\/rkcompany.com\/wp-content\/uploads\/2023\/08\/shiro2.jpg\",\"contentUrl\":\"https:\/\/rkcompany.com\/wp-content\/uploads\/2023\/08\/shiro2.jpg\",\"width\":750,\"height\":500},{\"@type\":\"BreadcrumbList\",\"@id\":\"https:\/\/rkcompany.com\/en\/produkt\/downriver-c2-shiro\/#breadcrumb\",\"itemListElement\":[{\"@type\":\"ListItem\",\"position\":1,\"name\":\"Dom\u016f\",\"item\":\"https:\/\/rkcompany.com\/\"},{\"@type\":\"ListItem\",\"position\":2,\"name\":\"Obchod\",\"item\":\"https:\/\/rkcompany.com\/obchod\/\"},{\"@type\":\"ListItem\",\"position\":3,\"name\":\"SHIRO\"}]},{\"@type\":\"WebSite\",\"@id\":\"https:\/\/rkcompany.com\/#website\",\"url\":\"https:\/\/rkcompany.com\/\",\"name\":\"RK Company\",\"description\":\"V\u00fdvoji a stavba lod\u00ed, p\u00e1del a p\u0159\u00edslu\u0161enstv\u00ed\",\"potentialAction\":[{\"@type\":\"SearchAction\",\"target\":{\"@type\":\"EntryPoint\",\"urlTemplate\":\"https:\/\/rkcompany.com\/?s={search_term_string}\"},\"query-input\":{\"@type\":\"PropertyValueSpecification\",\"valueRequired\":true,\"valueName\":\"search_term_string\"}}],\"inLanguage\":\"en-US\"}]}<\/script>\n<!-- \/ Yoast SEO plugin. -->","yoast_head_json":{"title":"SHIRO downriver C2 - RK Company","description":"SHIRO is a great, stable model designed especially for long distances. Doublecanoe excels in its inertia, speed, does not overturn in turns and keeps its direction.","robots":{"index":"index","follow":"follow","max-snippet":"max-snippet:-1","max-image-preview":"max-image-preview:large","max-video-preview":"max-video-preview:-1"},"canonical":"https:\/\/rkcompany.com\/en\/produkt\/downriver-c2-shiro\/","og_locale":"en_US","og_type":"article","og_title":"SHIRO downriver C2 - RK Company","og_description":"SHIRO is a great, stable model designed especially for long distances. Doublecanoe excels in its inertia, speed, does not overturn in turns and keeps its direction.","og_url":"https:\/\/rkcompany.com\/en\/produkt\/downriver-c2-shiro\/","og_site_name":"RK Company","article_modified_time":"2023-12-27T20:56:55+00:00","og_image":[{"width":750,"height":500,"url":"https:\/\/rkcompany.com\/wp-content\/uploads\/2023\/08\/shiro2.jpg","type":"image\/jpeg"}],"twitter_card":"summary_large_image","twitter_misc":{"Est. reading time":"1 minute"},"schema":{"@context":"https:\/\/schema.org","@graph":[{"@type":"WebPage","@id":"https:\/\/rkcompany.com\/en\/produkt\/downriver-c2-shiro\/","url":"https:\/\/rkcompany.com\/en\/produkt\/downriver-c2-shiro\/","name":"SHIRO downriver C2 - RK Company","isPartOf":{"@id":"https:\/\/rkcompany.com\/#website"},"primaryImageOfPage":{"@id":"https:\/\/rkcompany.com\/en\/produkt\/downriver-c2-shiro\/#primaryimage"},"image":{"@id":"https:\/\/rkcompany.com\/en\/produkt\/downriver-c2-shiro\/#primaryimage"},"thumbnailUrl":"https:\/\/rkcompany.com\/wp-content\/uploads\/2023\/08\/shiro2.jpg","datePublished":"2023-08-12T12:43:14+00:00","dateModified":"2023-12-27T20:56:55+00:00","description":"SHIRO is a great, stable model designed especially for long distances. Doublecanoe excels in its inertia, speed, does not overturn in turns and keeps its direction.","breadcrumb":{"@id":"https:\/\/rkcompany.com\/en\/produkt\/downriver-c2-shiro\/#breadcrumb"},"inLanguage":"en-US","potentialAction":[{"@type":"ReadAction","target":["https:\/\/rkcompany.com\/en\/produkt\/downriver-c2-shiro\/"]}]},{"@type":"ImageObject","inLanguage":"en-US","@id":"https:\/\/rkcompany.com\/en\/produkt\/downriver-c2-shiro\/#primaryimage","url":"https:\/\/rkcompany.com\/wp-content\/uploads\/2023\/08\/shiro2.jpg","contentUrl":"https:\/\/rkcompany.com\/wp-content\/uploads\/2023\/08\/shiro2.jpg","width":750,"height":500},{"@type":"BreadcrumbList","@id":"https:\/\/rkcompany.com\/en\/produkt\/downriver-c2-shiro\/#breadcrumb","itemListElement":[{"@type":"ListItem","position":1,"name":"Dom\u016f","item":"https:\/\/rkcompany.com\/"},{"@type":"ListItem","position":2,"name":"Obchod","item":"https:\/\/rkcompany.com\/obchod\/"},{"@type":"ListItem","position":3,"name":"SHIRO"}]},{"@type":"WebSite","@id":"https:\/\/rkcompany.com\/#website","url":"https:\/\/rkcompany.com\/","name":"RK Company","description":"V\u00fdvoji a stavba lod\u00ed, p\u00e1del a p\u0159\u00edslu\u0161enstv\u00ed","potentialAction":[{"@type":"SearchAction","target":{"@type":"EntryPoint","urlTemplate":"https:\/\/rkcompany.com\/?s={search_term_string}"},"query-input":{"@type":"PropertyValueSpecification","valueRequired":true,"valueName":"search_term_string"}}],"inLanguage":"en-US"}]}},"_links":{"self":[{"href":"https:\/\/rkcompany.com\/en\/wp-json\/wp\/v2\/product\/1932","targetHints":{"allow":["GET"]}}],"collection":[{"href":"https:\/\/rkcompany.com\/en\/wp-json\/wp\/v2\/product"}],"about":[{"href":"https:\/\/rkcompany.com\/en\/wp-json\/wp\/v2\/types\/product"}],"replies":[{"embeddable":true,"href":"https:\/\/rkcompany.com\/en\/wp-json\/wp\/v2\/comments?post=1932"}],"wp:featuredmedia":[{"embeddable":true,"href":"https:\/\/rkcompany.com\/en\/wp-json\/wp\/v2\/media\/1823"}],"wp:attachment":[{"href":"https:\/\/rkcompany.com\/en\/wp-json\/wp\/v2\/media?parent=1932"}],"wp:term":[{"taxonomy":"product_brand","embeddable":true,"href":"https:\/\/rkcompany.com\/en\/wp-json\/wp\/v2\/product_brand?post=1932"},{"taxonomy":"product_cat","embeddable":true,"href":"https:\/\/rkcompany.com\/en\/wp-json\/wp\/v2\/product_cat?post=1932"},{"taxonomy":"product_tag","embeddable":true,"href":"https:\/\/rkcompany.com\/en\/wp-json\/wp\/v2\/product_tag?post=1932"}],"curies":[{"name":"wp","href":"https:\/\/api.w.org\/{rel}","templated":true}]}}