{"id":1899,"date":"2023-12-04T21:03:40","date_gmt":"2023-12-04T20:03:40","guid":{"rendered":"http:\/\/rkcompany.com\/produkt\/sjezdovy-kajak-snus\/"},"modified":"2023-12-27T21:20:44","modified_gmt":"2023-12-27T20:20:44","slug":"downriver-kayak-snus","status":"publish","type":"product","link":"https:\/\/rkcompany.com\/en\/produkt\/downriver-kayak-snus\/","title":{"rendered":"SNUS"},"content":{"rendered":"<p>SNUS is a&nbsp;novelty of spring 2019. The kayak is based on the ESOX4HERO model, it differs from it in its narrower bottom and raised tip. This makes the boat even faster and jumps more over the waves. SNUS is designed for professional riders who want maximum speed.<\/p>\n<p>Vojt\u011bch Zapletal: SNUS is the very best ship in the world for me.<\/p>\n<p>Kl\u00e1ra Va\u0148kov\u00e1: I&nbsp;am completely satisfied with the SNUS ship. It&#8217;s&nbsp;the best type of boat I&#8217;ve ever been on. When the kayak gets going, it goes fast and holds its course, which is why I&nbsp;really enjoy riding it. It is stable in waves and breaks through them well.<\/p>\n<p>The most successful riders, the world champion in the long downhill and third in the sprint in the U23 category, Jan \u0160indel\u00e1\u0159 and the U23 world champion in the sprint, Mikul\u00e1\u0161 Zapletal, third in the sprint at the U23 WC, Kl\u00e1ra Va\u0148kov\u00e1, Vojta Zapletal, Sophie Schmit and many others.<\/p>\n","protected":false},"excerpt":{"rendered":"<p>SNUS\u00a0 is based on the ESOX4HERO &#8211; it is narrower bottom and raised tip.<\/p>\n","protected":false},"featured_media":1660,"comment_status":"closed","ping_status":"closed","template":"","meta":[],"product_brand":[],"product_cat":[94,98,129],"product_tag":[],"class_list":{"0":"post-1899","1":"product","2":"type-product","3":"status-publish","4":"has-post-thumbnail","6":"product_cat-boats","7":"product_cat-down-river-boats","8":"product_cat-downriver_boats_k1","10":"first","11":"instock","12":"shipping-taxable","13":"product-type-simple"},"acf":[],"yoast_head":"<!-- This site is optimized with the Yoast SEO plugin v26.1.1 - https:\/\/yoast.com\/wordpress\/plugins\/seo\/ -->\n<title>SNUS downriver kayak - RK Company<\/title>\n<meta name=\"description\" content=\"SNUS\u00a0 is based on the ESOX4HERO - it is narrower bottom and raised tip. This makes the boat even faster and jumps more over the waves.\" \/>\n<meta name=\"robots\" content=\"index, follow, max-snippet:-1, max-image-preview:large, max-video-preview:-1\" \/>\n<link rel=\"canonical\" href=\"https:\/\/rkcompany.com\/en\/produkt\/downriver-kayak-snus\/\" \/>\n<meta property=\"og:locale\" content=\"en_US\" \/>\n<meta property=\"og:type\" content=\"article\" \/>\n<meta property=\"og:title\" content=\"SNUS downriver kayak - RK Company\" \/>\n<meta property=\"og:description\" content=\"SNUS\u00a0 is based on the ESOX4HERO - it is narrower bottom and raised tip. This makes the boat even faster and jumps more over the waves.\" \/>\n<meta property=\"og:url\" content=\"https:\/\/rkcompany.com\/en\/produkt\/downriver-kayak-snus\/\" \/>\n<meta property=\"og:site_name\" content=\"RK Company\" \/>\n<meta property=\"article:modified_time\" content=\"2023-12-27T20:20:44+00:00\" \/>\n<meta property=\"og:image\" content=\"https:\/\/rkcompany.com\/wp-content\/uploads\/2023\/08\/IMG_2250-scaled-e1691786526262.jpg\" \/>\n\t<meta property=\"og:image:width\" content=\"2560\" \/>\n\t<meta property=\"og:image:height\" content=\"1920\" \/>\n\t<meta property=\"og:image:type\" content=\"image\/jpeg\" \/>\n<meta name=\"twitter:card\" content=\"summary_large_image\" \/>\n<meta name=\"twitter:label1\" content=\"Est. reading time\" \/>\n\t<meta name=\"twitter:data1\" content=\"1 minute\" \/>\n<script type=\"application\/ld+json\" class=\"yoast-schema-graph\">{\"@context\":\"https:\/\/schema.org\",\"@graph\":[{\"@type\":\"WebPage\",\"@id\":\"https:\/\/rkcompany.com\/en\/produkt\/downriver-kayak-snus\/\",\"url\":\"https:\/\/rkcompany.com\/en\/produkt\/downriver-kayak-snus\/\",\"name\":\"SNUS downriver kayak - RK Company\",\"isPartOf\":{\"@id\":\"https:\/\/rkcompany.com\/#website\"},\"primaryImageOfPage\":{\"@id\":\"https:\/\/rkcompany.com\/en\/produkt\/downriver-kayak-snus\/#primaryimage\"},\"image\":{\"@id\":\"https:\/\/rkcompany.com\/en\/produkt\/downriver-kayak-snus\/#primaryimage\"},\"thumbnailUrl\":\"https:\/\/rkcompany.com\/wp-content\/uploads\/2023\/08\/IMG_2250-scaled-e1691786526262.jpg\",\"datePublished\":\"2023-12-04T20:03:40+00:00\",\"dateModified\":\"2023-12-27T20:20:44+00:00\",\"description\":\"SNUS\u00a0 is based on the ESOX4HERO - it is narrower bottom and raised tip. This makes the boat even faster and jumps more over the waves.\",\"breadcrumb\":{\"@id\":\"https:\/\/rkcompany.com\/en\/produkt\/downriver-kayak-snus\/#breadcrumb\"},\"inLanguage\":\"en-US\",\"potentialAction\":[{\"@type\":\"ReadAction\",\"target\":[\"https:\/\/rkcompany.com\/en\/produkt\/downriver-kayak-snus\/\"]}]},{\"@type\":\"ImageObject\",\"inLanguage\":\"en-US\",\"@id\":\"https:\/\/rkcompany.com\/en\/produkt\/downriver-kayak-snus\/#primaryimage\",\"url\":\"https:\/\/rkcompany.com\/wp-content\/uploads\/2023\/08\/IMG_2250-scaled-e1691786526262.jpg\",\"contentUrl\":\"https:\/\/rkcompany.com\/wp-content\/uploads\/2023\/08\/IMG_2250-scaled-e1691786526262.jpg\",\"width\":2560,\"height\":1920},{\"@type\":\"BreadcrumbList\",\"@id\":\"https:\/\/rkcompany.com\/en\/produkt\/downriver-kayak-snus\/#breadcrumb\",\"itemListElement\":[{\"@type\":\"ListItem\",\"position\":1,\"name\":\"Dom\u016f\",\"item\":\"https:\/\/rkcompany.com\/\"},{\"@type\":\"ListItem\",\"position\":2,\"name\":\"Obchod\",\"item\":\"https:\/\/rkcompany.com\/obchod\/\"},{\"@type\":\"ListItem\",\"position\":3,\"name\":\"SNUS\"}]},{\"@type\":\"WebSite\",\"@id\":\"https:\/\/rkcompany.com\/#website\",\"url\":\"https:\/\/rkcompany.com\/\",\"name\":\"RK Company\",\"description\":\"V\u00fdvoji a stavba lod\u00ed, p\u00e1del a p\u0159\u00edslu\u0161enstv\u00ed\",\"potentialAction\":[{\"@type\":\"SearchAction\",\"target\":{\"@type\":\"EntryPoint\",\"urlTemplate\":\"https:\/\/rkcompany.com\/?s={search_term_string}\"},\"query-input\":{\"@type\":\"PropertyValueSpecification\",\"valueRequired\":true,\"valueName\":\"search_term_string\"}}],\"inLanguage\":\"en-US\"}]}<\/script>\n<!-- \/ Yoast SEO plugin. -->","yoast_head_json":{"title":"SNUS downriver kayak - RK Company","description":"SNUS\u00a0 is based on the ESOX4HERO - it is narrower bottom and raised tip. This makes the boat even faster and jumps more over the waves.","robots":{"index":"index","follow":"follow","max-snippet":"max-snippet:-1","max-image-preview":"max-image-preview:large","max-video-preview":"max-video-preview:-1"},"canonical":"https:\/\/rkcompany.com\/en\/produkt\/downriver-kayak-snus\/","og_locale":"en_US","og_type":"article","og_title":"SNUS downriver kayak - RK Company","og_description":"SNUS\u00a0 is based on the ESOX4HERO - it is narrower bottom and raised tip. This makes the boat even faster and jumps more over the waves.","og_url":"https:\/\/rkcompany.com\/en\/produkt\/downriver-kayak-snus\/","og_site_name":"RK Company","article_modified_time":"2023-12-27T20:20:44+00:00","og_image":[{"width":2560,"height":1920,"url":"https:\/\/rkcompany.com\/wp-content\/uploads\/2023\/08\/IMG_2250-scaled-e1691786526262.jpg","type":"image\/jpeg"}],"twitter_card":"summary_large_image","twitter_misc":{"Est. reading time":"1 minute"},"schema":{"@context":"https:\/\/schema.org","@graph":[{"@type":"WebPage","@id":"https:\/\/rkcompany.com\/en\/produkt\/downriver-kayak-snus\/","url":"https:\/\/rkcompany.com\/en\/produkt\/downriver-kayak-snus\/","name":"SNUS downriver kayak - RK Company","isPartOf":{"@id":"https:\/\/rkcompany.com\/#website"},"primaryImageOfPage":{"@id":"https:\/\/rkcompany.com\/en\/produkt\/downriver-kayak-snus\/#primaryimage"},"image":{"@id":"https:\/\/rkcompany.com\/en\/produkt\/downriver-kayak-snus\/#primaryimage"},"thumbnailUrl":"https:\/\/rkcompany.com\/wp-content\/uploads\/2023\/08\/IMG_2250-scaled-e1691786526262.jpg","datePublished":"2023-12-04T20:03:40+00:00","dateModified":"2023-12-27T20:20:44+00:00","description":"SNUS\u00a0 is based on the ESOX4HERO - it is narrower bottom and raised tip. This makes the boat even faster and jumps more over the waves.","breadcrumb":{"@id":"https:\/\/rkcompany.com\/en\/produkt\/downriver-kayak-snus\/#breadcrumb"},"inLanguage":"en-US","potentialAction":[{"@type":"ReadAction","target":["https:\/\/rkcompany.com\/en\/produkt\/downriver-kayak-snus\/"]}]},{"@type":"ImageObject","inLanguage":"en-US","@id":"https:\/\/rkcompany.com\/en\/produkt\/downriver-kayak-snus\/#primaryimage","url":"https:\/\/rkcompany.com\/wp-content\/uploads\/2023\/08\/IMG_2250-scaled-e1691786526262.jpg","contentUrl":"https:\/\/rkcompany.com\/wp-content\/uploads\/2023\/08\/IMG_2250-scaled-e1691786526262.jpg","width":2560,"height":1920},{"@type":"BreadcrumbList","@id":"https:\/\/rkcompany.com\/en\/produkt\/downriver-kayak-snus\/#breadcrumb","itemListElement":[{"@type":"ListItem","position":1,"name":"Dom\u016f","item":"https:\/\/rkcompany.com\/"},{"@type":"ListItem","position":2,"name":"Obchod","item":"https:\/\/rkcompany.com\/obchod\/"},{"@type":"ListItem","position":3,"name":"SNUS"}]},{"@type":"WebSite","@id":"https:\/\/rkcompany.com\/#website","url":"https:\/\/rkcompany.com\/","name":"RK Company","description":"V\u00fdvoji a stavba lod\u00ed, p\u00e1del a p\u0159\u00edslu\u0161enstv\u00ed","potentialAction":[{"@type":"SearchAction","target":{"@type":"EntryPoint","urlTemplate":"https:\/\/rkcompany.com\/?s={search_term_string}"},"query-input":{"@type":"PropertyValueSpecification","valueRequired":true,"valueName":"search_term_string"}}],"inLanguage":"en-US"}]}},"_links":{"self":[{"href":"https:\/\/rkcompany.com\/en\/wp-json\/wp\/v2\/product\/1899","targetHints":{"allow":["GET"]}}],"collection":[{"href":"https:\/\/rkcompany.com\/en\/wp-json\/wp\/v2\/product"}],"about":[{"href":"https:\/\/rkcompany.com\/en\/wp-json\/wp\/v2\/types\/product"}],"replies":[{"embeddable":true,"href":"https:\/\/rkcompany.com\/en\/wp-json\/wp\/v2\/comments?post=1899"}],"wp:featuredmedia":[{"embeddable":true,"href":"https:\/\/rkcompany.com\/en\/wp-json\/wp\/v2\/media\/1660"}],"wp:attachment":[{"href":"https:\/\/rkcompany.com\/en\/wp-json\/wp\/v2\/media?parent=1899"}],"wp:term":[{"taxonomy":"product_brand","embeddable":true,"href":"https:\/\/rkcompany.com\/en\/wp-json\/wp\/v2\/product_brand?post=1899"},{"taxonomy":"product_cat","embeddable":true,"href":"https:\/\/rkcompany.com\/en\/wp-json\/wp\/v2\/product_cat?post=1899"},{"taxonomy":"product_tag","embeddable":true,"href":"https:\/\/rkcompany.com\/en\/wp-json\/wp\/v2\/product_tag?post=1899"}],"curies":[{"name":"wp","href":"https:\/\/api.w.org\/{rel}","templated":true}]}}