{"id":1897,"date":"2023-11-30T22:26:11","date_gmt":"2023-11-30T21:26:11","guid":{"rendered":"http:\/\/rkcompany.com\/produkt\/sjezdovy-kajak-tilika\/"},"modified":"2023-12-27T21:37:45","modified_gmt":"2023-12-27T20:37:45","slug":"downriver-kayak-tilika","status":"publish","type":"product","link":"https:\/\/rkcompany.com\/en\/produkt\/downriver-kayak-tilika\/","title":{"rendered":"TILIKA"},"content":{"rendered":"<p>TILIKA is a&nbsp;model intended for recreational athletes and masters riders who already have their paddles and want to enjoy the ride.<\/p>\n<p>Thanks to the stable bottom, the athlete can concentrate on controlling the boat in the waves, which is very easy. The features of the boat will be appreciated even by professional riders on more difficult water terrains.<\/p>\n<p>The optimal rider weight is 65-120&nbsp;kg.<\/p>\n","protected":false},"excerpt":{"rendered":"<p>TILIKA is a&nbsp;model intended for recreational athletes and masters riders. The optimal rider weight is 65-120&nbsp;kg.<\/p>\n","protected":false},"featured_media":1626,"comment_status":"closed","ping_status":"closed","template":"","meta":[],"product_brand":[],"product_cat":[94,98,129],"product_tag":[],"class_list":{"0":"post-1897","1":"product","2":"type-product","3":"status-publish","4":"has-post-thumbnail","6":"product_cat-boats","7":"product_cat-down-river-boats","8":"product_cat-downriver_boats_k1","10":"first","11":"instock","12":"shipping-taxable","13":"product-type-simple"},"acf":[],"yoast_head":"<!-- This site is optimized with the Yoast SEO plugin v26.1.1 - https:\/\/yoast.com\/wordpress\/plugins\/seo\/ -->\n<title>TILIKA downriver kayak - RK Company<\/title>\n<meta name=\"description\" content=\"TILIKA is a model intended for recreational athletes and masters. The optimal rider weight is 65-120 kg.\" \/>\n<meta name=\"robots\" content=\"index, follow, max-snippet:-1, max-image-preview:large, max-video-preview:-1\" \/>\n<link rel=\"canonical\" href=\"https:\/\/rkcompany.com\/en\/produkt\/downriver-kayak-tilika\/\" \/>\n<meta property=\"og:locale\" content=\"en_US\" \/>\n<meta property=\"og:type\" content=\"article\" \/>\n<meta property=\"og:title\" content=\"TILIKA downriver kayak - RK Company\" \/>\n<meta property=\"og:description\" content=\"TILIKA is a model intended for recreational athletes and masters. The optimal rider weight is 65-120 kg.\" \/>\n<meta property=\"og:url\" content=\"https:\/\/rkcompany.com\/en\/produkt\/downriver-kayak-tilika\/\" \/>\n<meta property=\"og:site_name\" content=\"RK Company\" \/>\n<meta property=\"article:modified_time\" content=\"2023-12-27T20:37:45+00:00\" \/>\n<meta property=\"og:image\" content=\"https:\/\/rkcompany.com\/wp-content\/uploads\/2023\/08\/IMG_0037-scaled-e1691785211937.jpg\" \/>\n\t<meta property=\"og:image:width\" content=\"2560\" \/>\n\t<meta property=\"og:image:height\" content=\"1707\" \/>\n\t<meta property=\"og:image:type\" content=\"image\/jpeg\" \/>\n<meta name=\"twitter:card\" content=\"summary_large_image\" \/>\n<meta name=\"twitter:label1\" content=\"Est. reading time\" \/>\n\t<meta name=\"twitter:data1\" content=\"1 minute\" \/>\n<script type=\"application\/ld+json\" class=\"yoast-schema-graph\">{\"@context\":\"https:\/\/schema.org\",\"@graph\":[{\"@type\":\"WebPage\",\"@id\":\"https:\/\/rkcompany.com\/en\/produkt\/downriver-kayak-tilika\/\",\"url\":\"https:\/\/rkcompany.com\/en\/produkt\/downriver-kayak-tilika\/\",\"name\":\"TILIKA downriver kayak - RK Company\",\"isPartOf\":{\"@id\":\"https:\/\/rkcompany.com\/#website\"},\"primaryImageOfPage\":{\"@id\":\"https:\/\/rkcompany.com\/en\/produkt\/downriver-kayak-tilika\/#primaryimage\"},\"image\":{\"@id\":\"https:\/\/rkcompany.com\/en\/produkt\/downriver-kayak-tilika\/#primaryimage\"},\"thumbnailUrl\":\"https:\/\/rkcompany.com\/wp-content\/uploads\/2023\/08\/IMG_0037-scaled-e1691785211937.jpg\",\"datePublished\":\"2023-11-30T21:26:11+00:00\",\"dateModified\":\"2023-12-27T20:37:45+00:00\",\"description\":\"TILIKA is a model intended for recreational athletes and masters. The optimal rider weight is 65-120 kg.\",\"breadcrumb\":{\"@id\":\"https:\/\/rkcompany.com\/en\/produkt\/downriver-kayak-tilika\/#breadcrumb\"},\"inLanguage\":\"en-US\",\"potentialAction\":[{\"@type\":\"ReadAction\",\"target\":[\"https:\/\/rkcompany.com\/en\/produkt\/downriver-kayak-tilika\/\"]}]},{\"@type\":\"ImageObject\",\"inLanguage\":\"en-US\",\"@id\":\"https:\/\/rkcompany.com\/en\/produkt\/downriver-kayak-tilika\/#primaryimage\",\"url\":\"https:\/\/rkcompany.com\/wp-content\/uploads\/2023\/08\/IMG_0037-scaled-e1691785211937.jpg\",\"contentUrl\":\"https:\/\/rkcompany.com\/wp-content\/uploads\/2023\/08\/IMG_0037-scaled-e1691785211937.jpg\",\"width\":2560,\"height\":1707},{\"@type\":\"BreadcrumbList\",\"@id\":\"https:\/\/rkcompany.com\/en\/produkt\/downriver-kayak-tilika\/#breadcrumb\",\"itemListElement\":[{\"@type\":\"ListItem\",\"position\":1,\"name\":\"Dom\u016f\",\"item\":\"https:\/\/rkcompany.com\/\"},{\"@type\":\"ListItem\",\"position\":2,\"name\":\"Obchod\",\"item\":\"https:\/\/rkcompany.com\/obchod\/\"},{\"@type\":\"ListItem\",\"position\":3,\"name\":\"TILIKA\"}]},{\"@type\":\"WebSite\",\"@id\":\"https:\/\/rkcompany.com\/#website\",\"url\":\"https:\/\/rkcompany.com\/\",\"name\":\"RK Company\",\"description\":\"V\u00fdvoji a stavba lod\u00ed, p\u00e1del a p\u0159\u00edslu\u0161enstv\u00ed\",\"potentialAction\":[{\"@type\":\"SearchAction\",\"target\":{\"@type\":\"EntryPoint\",\"urlTemplate\":\"https:\/\/rkcompany.com\/?s={search_term_string}\"},\"query-input\":{\"@type\":\"PropertyValueSpecification\",\"valueRequired\":true,\"valueName\":\"search_term_string\"}}],\"inLanguage\":\"en-US\"}]}<\/script>\n<!-- \/ Yoast SEO plugin. -->","yoast_head_json":{"title":"TILIKA downriver kayak - RK Company","description":"TILIKA is a model intended for recreational athletes and masters. The optimal rider weight is 65-120 kg.","robots":{"index":"index","follow":"follow","max-snippet":"max-snippet:-1","max-image-preview":"max-image-preview:large","max-video-preview":"max-video-preview:-1"},"canonical":"https:\/\/rkcompany.com\/en\/produkt\/downriver-kayak-tilika\/","og_locale":"en_US","og_type":"article","og_title":"TILIKA downriver kayak - RK Company","og_description":"TILIKA is a model intended for recreational athletes and masters. The optimal rider weight is 65-120 kg.","og_url":"https:\/\/rkcompany.com\/en\/produkt\/downriver-kayak-tilika\/","og_site_name":"RK Company","article_modified_time":"2023-12-27T20:37:45+00:00","og_image":[{"width":2560,"height":1707,"url":"https:\/\/rkcompany.com\/wp-content\/uploads\/2023\/08\/IMG_0037-scaled-e1691785211937.jpg","type":"image\/jpeg"}],"twitter_card":"summary_large_image","twitter_misc":{"Est. reading time":"1 minute"},"schema":{"@context":"https:\/\/schema.org","@graph":[{"@type":"WebPage","@id":"https:\/\/rkcompany.com\/en\/produkt\/downriver-kayak-tilika\/","url":"https:\/\/rkcompany.com\/en\/produkt\/downriver-kayak-tilika\/","name":"TILIKA downriver kayak - RK Company","isPartOf":{"@id":"https:\/\/rkcompany.com\/#website"},"primaryImageOfPage":{"@id":"https:\/\/rkcompany.com\/en\/produkt\/downriver-kayak-tilika\/#primaryimage"},"image":{"@id":"https:\/\/rkcompany.com\/en\/produkt\/downriver-kayak-tilika\/#primaryimage"},"thumbnailUrl":"https:\/\/rkcompany.com\/wp-content\/uploads\/2023\/08\/IMG_0037-scaled-e1691785211937.jpg","datePublished":"2023-11-30T21:26:11+00:00","dateModified":"2023-12-27T20:37:45+00:00","description":"TILIKA is a model intended for recreational athletes and masters. The optimal rider weight is 65-120 kg.","breadcrumb":{"@id":"https:\/\/rkcompany.com\/en\/produkt\/downriver-kayak-tilika\/#breadcrumb"},"inLanguage":"en-US","potentialAction":[{"@type":"ReadAction","target":["https:\/\/rkcompany.com\/en\/produkt\/downriver-kayak-tilika\/"]}]},{"@type":"ImageObject","inLanguage":"en-US","@id":"https:\/\/rkcompany.com\/en\/produkt\/downriver-kayak-tilika\/#primaryimage","url":"https:\/\/rkcompany.com\/wp-content\/uploads\/2023\/08\/IMG_0037-scaled-e1691785211937.jpg","contentUrl":"https:\/\/rkcompany.com\/wp-content\/uploads\/2023\/08\/IMG_0037-scaled-e1691785211937.jpg","width":2560,"height":1707},{"@type":"BreadcrumbList","@id":"https:\/\/rkcompany.com\/en\/produkt\/downriver-kayak-tilika\/#breadcrumb","itemListElement":[{"@type":"ListItem","position":1,"name":"Dom\u016f","item":"https:\/\/rkcompany.com\/"},{"@type":"ListItem","position":2,"name":"Obchod","item":"https:\/\/rkcompany.com\/obchod\/"},{"@type":"ListItem","position":3,"name":"TILIKA"}]},{"@type":"WebSite","@id":"https:\/\/rkcompany.com\/#website","url":"https:\/\/rkcompany.com\/","name":"RK Company","description":"V\u00fdvoji a stavba lod\u00ed, p\u00e1del a p\u0159\u00edslu\u0161enstv\u00ed","potentialAction":[{"@type":"SearchAction","target":{"@type":"EntryPoint","urlTemplate":"https:\/\/rkcompany.com\/?s={search_term_string}"},"query-input":{"@type":"PropertyValueSpecification","valueRequired":true,"valueName":"search_term_string"}}],"inLanguage":"en-US"}]}},"_links":{"self":[{"href":"https:\/\/rkcompany.com\/en\/wp-json\/wp\/v2\/product\/1897","targetHints":{"allow":["GET"]}}],"collection":[{"href":"https:\/\/rkcompany.com\/en\/wp-json\/wp\/v2\/product"}],"about":[{"href":"https:\/\/rkcompany.com\/en\/wp-json\/wp\/v2\/types\/product"}],"replies":[{"embeddable":true,"href":"https:\/\/rkcompany.com\/en\/wp-json\/wp\/v2\/comments?post=1897"}],"wp:featuredmedia":[{"embeddable":true,"href":"https:\/\/rkcompany.com\/en\/wp-json\/wp\/v2\/media\/1626"}],"wp:attachment":[{"href":"https:\/\/rkcompany.com\/en\/wp-json\/wp\/v2\/media?parent=1897"}],"wp:term":[{"taxonomy":"product_brand","embeddable":true,"href":"https:\/\/rkcompany.com\/en\/wp-json\/wp\/v2\/product_brand?post=1897"},{"taxonomy":"product_cat","embeddable":true,"href":"https:\/\/rkcompany.com\/en\/wp-json\/wp\/v2\/product_cat?post=1897"},{"taxonomy":"product_tag","embeddable":true,"href":"https:\/\/rkcompany.com\/en\/wp-json\/wp\/v2\/product_tag?post=1897"}],"curies":[{"name":"wp","href":"https:\/\/api.w.org\/{rel}","templated":true}]}}