{"id":1895,"date":"2023-08-11T22:05:50","date_gmt":"2023-08-11T20:05:50","guid":{"rendered":"http:\/\/rkcompany.com\/produkt\/slalomova-debl-kanoe-projectile\/"},"modified":"2023-12-27T21:08:24","modified_gmt":"2023-12-27T20:08:24","slug":"slalom-c2-projectile","status":"publish","type":"product","link":"https:\/\/rkcompany.com\/en\/produkt\/slalom-c2-projectile\/","title":{"rendered":"PROJECTILE"},"content":{"rendered":"<p>Doublecanoe PROJECTILE is intended for competitors of all weight categories.<\/p>\n<p>When designing the shape, two of our representative crews, Ondra Karlovsk\u00fd-Jakub J\u00e1n\u011b and Jon\u00e1\u0161 Ka\u0161par-Marek \u0160indler, had a&nbsp;decisive say.<\/p>\n<p>The precise shape of the bottom and the deck ensure excellent driving characteristics, the boat goes well into the backwaters and shoots back into the current.<\/p>\n<p>PROJECTILE has a&nbsp;lowered front collar to facilitate hook movement when paddling and steering the boat.<\/p>\n<p>Drain channels, located behind the collars, guarantee less flooding of the deck, making the boat lighter and more nimble. The lower handle is sunk into the profile of the bottom and therefore does not slow down the ride so much.<\/p>\n<p align=\"LEFT\">\n","protected":false},"excerpt":{"rendered":"<p>Doublecanoe PROJECTILE is intended for competitors of all weight categories.<\/p>\n<p>&nbsp;<\/p>\n","protected":false},"featured_media":1608,"comment_status":"closed","ping_status":"closed","template":"","meta":[],"product_brand":[],"product_cat":[94,97,128],"product_tag":[],"class_list":{"0":"post-1895","1":"product","2":"type-product","3":"status-publish","4":"has-post-thumbnail","6":"product_cat-boats","7":"product_cat-slalom-boats","8":"product_cat-slalom-boats-c2","10":"first","11":"instock","12":"shipping-taxable","13":"product-type-simple"},"acf":[],"yoast_head":"<!-- This site is optimized with the Yoast SEO plugin v26.1.1 - https:\/\/yoast.com\/wordpress\/plugins\/seo\/ -->\n<title>PROJECTILE slalom-C2 - RK Company<\/title>\n<meta name=\"description\" content=\"Doublecanoe PROJECTILE is designed by Ondra Karlovsk\u00fd-Jakub J\u00e1n\u011b and Jon\u00e1\u0161 Ka\u0161par-Marek \u0160indler. It is for competitors of all weight categories.\" \/>\n<meta name=\"robots\" content=\"index, follow, max-snippet:-1, max-image-preview:large, max-video-preview:-1\" \/>\n<link rel=\"canonical\" href=\"https:\/\/rkcompany.com\/en\/produkt\/slalom-c2-projectile\/\" \/>\n<meta property=\"og:locale\" content=\"en_US\" \/>\n<meta property=\"og:type\" content=\"article\" \/>\n<meta property=\"og:title\" content=\"PROJECTILE slalom-C2 - RK Company\" \/>\n<meta property=\"og:description\" content=\"Doublecanoe PROJECTILE is designed by Ondra Karlovsk\u00fd-Jakub J\u00e1n\u011b and Jon\u00e1\u0161 Ka\u0161par-Marek \u0160indler. It is for competitors of all weight categories.\" \/>\n<meta property=\"og:url\" content=\"https:\/\/rkcompany.com\/en\/produkt\/slalom-c2-projectile\/\" \/>\n<meta property=\"og:site_name\" content=\"RK Company\" \/>\n<meta property=\"article:modified_time\" content=\"2023-12-27T20:08:24+00:00\" \/>\n<meta property=\"og:image\" content=\"https:\/\/rkcompany.com\/wp-content\/uploads\/2023\/08\/P1010220-scaled.jpg\" \/>\n\t<meta property=\"og:image:width\" content=\"2560\" \/>\n\t<meta property=\"og:image:height\" content=\"1920\" \/>\n\t<meta property=\"og:image:type\" content=\"image\/jpeg\" \/>\n<meta name=\"twitter:card\" content=\"summary_large_image\" \/>\n<meta name=\"twitter:label1\" content=\"Est. reading time\" \/>\n\t<meta name=\"twitter:data1\" content=\"1 minute\" \/>\n<script type=\"application\/ld+json\" class=\"yoast-schema-graph\">{\"@context\":\"https:\/\/schema.org\",\"@graph\":[{\"@type\":\"WebPage\",\"@id\":\"https:\/\/rkcompany.com\/en\/produkt\/slalom-c2-projectile\/\",\"url\":\"https:\/\/rkcompany.com\/en\/produkt\/slalom-c2-projectile\/\",\"name\":\"PROJECTILE slalom-C2 - RK Company\",\"isPartOf\":{\"@id\":\"https:\/\/rkcompany.com\/#website\"},\"primaryImageOfPage\":{\"@id\":\"https:\/\/rkcompany.com\/en\/produkt\/slalom-c2-projectile\/#primaryimage\"},\"image\":{\"@id\":\"https:\/\/rkcompany.com\/en\/produkt\/slalom-c2-projectile\/#primaryimage\"},\"thumbnailUrl\":\"https:\/\/rkcompany.com\/wp-content\/uploads\/2023\/08\/P1010220-scaled.jpg\",\"datePublished\":\"2023-08-11T20:05:50+00:00\",\"dateModified\":\"2023-12-27T20:08:24+00:00\",\"description\":\"Doublecanoe PROJECTILE is designed by Ondra Karlovsk\u00fd-Jakub J\u00e1n\u011b and Jon\u00e1\u0161 Ka\u0161par-Marek \u0160indler. It is for competitors of all weight categories.\",\"breadcrumb\":{\"@id\":\"https:\/\/rkcompany.com\/en\/produkt\/slalom-c2-projectile\/#breadcrumb\"},\"inLanguage\":\"en-US\",\"potentialAction\":[{\"@type\":\"ReadAction\",\"target\":[\"https:\/\/rkcompany.com\/en\/produkt\/slalom-c2-projectile\/\"]}]},{\"@type\":\"ImageObject\",\"inLanguage\":\"en-US\",\"@id\":\"https:\/\/rkcompany.com\/en\/produkt\/slalom-c2-projectile\/#primaryimage\",\"url\":\"https:\/\/rkcompany.com\/wp-content\/uploads\/2023\/08\/P1010220-scaled.jpg\",\"contentUrl\":\"https:\/\/rkcompany.com\/wp-content\/uploads\/2023\/08\/P1010220-scaled.jpg\",\"width\":2560,\"height\":1920},{\"@type\":\"BreadcrumbList\",\"@id\":\"https:\/\/rkcompany.com\/en\/produkt\/slalom-c2-projectile\/#breadcrumb\",\"itemListElement\":[{\"@type\":\"ListItem\",\"position\":1,\"name\":\"Dom\u016f\",\"item\":\"https:\/\/rkcompany.com\/\"},{\"@type\":\"ListItem\",\"position\":2,\"name\":\"Obchod\",\"item\":\"https:\/\/rkcompany.com\/obchod\/\"},{\"@type\":\"ListItem\",\"position\":3,\"name\":\"PROJECTILE\"}]},{\"@type\":\"WebSite\",\"@id\":\"https:\/\/rkcompany.com\/#website\",\"url\":\"https:\/\/rkcompany.com\/\",\"name\":\"RK Company\",\"description\":\"V\u00fdvoji a stavba lod\u00ed, p\u00e1del a p\u0159\u00edslu\u0161enstv\u00ed\",\"potentialAction\":[{\"@type\":\"SearchAction\",\"target\":{\"@type\":\"EntryPoint\",\"urlTemplate\":\"https:\/\/rkcompany.com\/?s={search_term_string}\"},\"query-input\":{\"@type\":\"PropertyValueSpecification\",\"valueRequired\":true,\"valueName\":\"search_term_string\"}}],\"inLanguage\":\"en-US\"}]}<\/script>\n<!-- \/ Yoast SEO plugin. -->","yoast_head_json":{"title":"PROJECTILE slalom-C2 - RK Company","description":"Doublecanoe PROJECTILE is designed by Ondra Karlovsk\u00fd-Jakub J\u00e1n\u011b and Jon\u00e1\u0161 Ka\u0161par-Marek \u0160indler. It is for competitors of all weight categories.","robots":{"index":"index","follow":"follow","max-snippet":"max-snippet:-1","max-image-preview":"max-image-preview:large","max-video-preview":"max-video-preview:-1"},"canonical":"https:\/\/rkcompany.com\/en\/produkt\/slalom-c2-projectile\/","og_locale":"en_US","og_type":"article","og_title":"PROJECTILE slalom-C2 - RK Company","og_description":"Doublecanoe PROJECTILE is designed by Ondra Karlovsk\u00fd-Jakub J\u00e1n\u011b and Jon\u00e1\u0161 Ka\u0161par-Marek \u0160indler. It is for competitors of all weight categories.","og_url":"https:\/\/rkcompany.com\/en\/produkt\/slalom-c2-projectile\/","og_site_name":"RK Company","article_modified_time":"2023-12-27T20:08:24+00:00","og_image":[{"width":2560,"height":1920,"url":"https:\/\/rkcompany.com\/wp-content\/uploads\/2023\/08\/P1010220-scaled.jpg","type":"image\/jpeg"}],"twitter_card":"summary_large_image","twitter_misc":{"Est. reading time":"1 minute"},"schema":{"@context":"https:\/\/schema.org","@graph":[{"@type":"WebPage","@id":"https:\/\/rkcompany.com\/en\/produkt\/slalom-c2-projectile\/","url":"https:\/\/rkcompany.com\/en\/produkt\/slalom-c2-projectile\/","name":"PROJECTILE slalom-C2 - RK Company","isPartOf":{"@id":"https:\/\/rkcompany.com\/#website"},"primaryImageOfPage":{"@id":"https:\/\/rkcompany.com\/en\/produkt\/slalom-c2-projectile\/#primaryimage"},"image":{"@id":"https:\/\/rkcompany.com\/en\/produkt\/slalom-c2-projectile\/#primaryimage"},"thumbnailUrl":"https:\/\/rkcompany.com\/wp-content\/uploads\/2023\/08\/P1010220-scaled.jpg","datePublished":"2023-08-11T20:05:50+00:00","dateModified":"2023-12-27T20:08:24+00:00","description":"Doublecanoe PROJECTILE is designed by Ondra Karlovsk\u00fd-Jakub J\u00e1n\u011b and Jon\u00e1\u0161 Ka\u0161par-Marek \u0160indler. It is for competitors of all weight categories.","breadcrumb":{"@id":"https:\/\/rkcompany.com\/en\/produkt\/slalom-c2-projectile\/#breadcrumb"},"inLanguage":"en-US","potentialAction":[{"@type":"ReadAction","target":["https:\/\/rkcompany.com\/en\/produkt\/slalom-c2-projectile\/"]}]},{"@type":"ImageObject","inLanguage":"en-US","@id":"https:\/\/rkcompany.com\/en\/produkt\/slalom-c2-projectile\/#primaryimage","url":"https:\/\/rkcompany.com\/wp-content\/uploads\/2023\/08\/P1010220-scaled.jpg","contentUrl":"https:\/\/rkcompany.com\/wp-content\/uploads\/2023\/08\/P1010220-scaled.jpg","width":2560,"height":1920},{"@type":"BreadcrumbList","@id":"https:\/\/rkcompany.com\/en\/produkt\/slalom-c2-projectile\/#breadcrumb","itemListElement":[{"@type":"ListItem","position":1,"name":"Dom\u016f","item":"https:\/\/rkcompany.com\/"},{"@type":"ListItem","position":2,"name":"Obchod","item":"https:\/\/rkcompany.com\/obchod\/"},{"@type":"ListItem","position":3,"name":"PROJECTILE"}]},{"@type":"WebSite","@id":"https:\/\/rkcompany.com\/#website","url":"https:\/\/rkcompany.com\/","name":"RK Company","description":"V\u00fdvoji a stavba lod\u00ed, p\u00e1del a p\u0159\u00edslu\u0161enstv\u00ed","potentialAction":[{"@type":"SearchAction","target":{"@type":"EntryPoint","urlTemplate":"https:\/\/rkcompany.com\/?s={search_term_string}"},"query-input":{"@type":"PropertyValueSpecification","valueRequired":true,"valueName":"search_term_string"}}],"inLanguage":"en-US"}]}},"_links":{"self":[{"href":"https:\/\/rkcompany.com\/en\/wp-json\/wp\/v2\/product\/1895","targetHints":{"allow":["GET"]}}],"collection":[{"href":"https:\/\/rkcompany.com\/en\/wp-json\/wp\/v2\/product"}],"about":[{"href":"https:\/\/rkcompany.com\/en\/wp-json\/wp\/v2\/types\/product"}],"replies":[{"embeddable":true,"href":"https:\/\/rkcompany.com\/en\/wp-json\/wp\/v2\/comments?post=1895"}],"wp:featuredmedia":[{"embeddable":true,"href":"https:\/\/rkcompany.com\/en\/wp-json\/wp\/v2\/media\/1608"}],"wp:attachment":[{"href":"https:\/\/rkcompany.com\/en\/wp-json\/wp\/v2\/media?parent=1895"}],"wp:term":[{"taxonomy":"product_brand","embeddable":true,"href":"https:\/\/rkcompany.com\/en\/wp-json\/wp\/v2\/product_brand?post=1895"},{"taxonomy":"product_cat","embeddable":true,"href":"https:\/\/rkcompany.com\/en\/wp-json\/wp\/v2\/product_cat?post=1895"},{"taxonomy":"product_tag","embeddable":true,"href":"https:\/\/rkcompany.com\/en\/wp-json\/wp\/v2\/product_tag?post=1895"}],"curies":[{"name":"wp","href":"https:\/\/api.w.org\/{rel}","templated":true}]}}