{"id":1325,"date":"2022-10-21T11:51:01","date_gmt":"2022-10-21T09:51:01","guid":{"rendered":"http:\/\/rkcompany.com\/produkt\/sjezdova-kanoe-puma\/"},"modified":"2023-12-27T22:12:34","modified_gmt":"2023-12-27T21:12:34","slug":"downriver-canoe-puma","status":"publish","type":"product","link":"https:\/\/rkcompany.com\/en\/produkt\/downriver-canoe-puma\/","title":{"rendered":"PUMA"},"content":{"rendered":"<p>The PUMA single canoe will work well on medium and heavy water terrains such as \u010ce\u0148kova Pila, Kamenice or the upper Elbe. The shape of the bottom is based on the popular GERY model. The resulting boat sits on the borderline between the GERY and BALA (SpeedArt) types. The deck of the ship was modified. The voluminous tip will carry you over big rolls without difficulty, but even small waves won&#8217;t rock the boat, thanks to the narrow tip on the waterline.<\/p>\n<p>The boat maintains speed perfectly and smoothly transitions from undulating terrain to calm water. The bottom is shaped into an arch, so the rider cannot expect a&nbsp;stable boat of the KIKU or SQOTER types. For the PUMA, a&nbsp;large fin is supplied as standard, which guarantees smoother passage through eddies. PUMA will be appreciated by professional racers who expect the maximum from the boat.<\/p>\n<p>In the relatively short time since PUMA was founded, it has found many world-class athletes such as Ondra Rolenc, Mat\u011bj Van\u011bk, Alva Beier, Ond\u0159ej Kvapil, Matou\u0161 Beier and many others.<\/p>\n<p>Ond\u0159ej Rolenc:<\/p>\n<p>PUMA\u00a0was developed for top riders who demand perfect handling and maximum speed from their boat.<br \/>\nUncompromising rolling passages without stopping will amaze you with the speed and ease with which this boat can be driven, that you will wonder why you didn&#8217;t buy it earlier.<br \/>\nWhen developing this boat, we focused on stability and displacement, where the boat stands somewhere between the Gera and Bala (SpeedArt) types. It has wings that will hold you to the end of an extreme tilt, but also won&#8217;t get in the way when riding in calmer waters. On the other hand, the voluminous tip will take you easily through large rolls and small waves, which will not jump the boat thanks to the narrow tip on the waterline.<br \/>\nThe bottom is shaped into an arch, so the rider cannot expect a&nbsp;stable Kiku or Squoter type boat here, it simply does not have a&nbsp;flat surface.<br \/>\nAttention was paid to the maximum length of the boat and its sharp tips, which guarantee the largest possible part of the boat in the water and the related speed and its inertia. You will feel that the boat is leaving under your hands and you do not lose speed, it excels with a&nbsp;long slide after the end of the shot so that you save power for even stronger shots.<br \/>\nFor the PUMA, a&nbsp;large blade is supplied as standard, which guarantees calmer passage through eddies, does not shoot, is more hard and straight. A&nbsp;lower beam is not recommended due to the nervousness of the boat, possible shots and failure to maintain direction.<\/p>\n<p>+ PLUSES +<br \/>\nExcellent holding speed (inertia)<br \/>\nBetter passability of cylinders &#8211; larger volume<br \/>\nStable at maximum tilt<br \/>\nA&nbsp;universal boat, both for calm, wild and technical tracks, in short, everywhere at home<br \/>\nObedience in management<br \/>\nIt&#8217;s&nbsp;cool and you have to have it because the best singles have it :)<\/p>\n<p>&#8211; The ship is not suitable for:<br \/>\nunstable riders afraid to ride in camber\/tilt &#8211; KIKU2 or Lulu is for you<br \/>\nbeginners and small children &#8211; PUMA JUNIOR with a&nbsp;lowered deck and its smaller volume is for them<\/p>\n<p>Matej Vanek:<br \/>\nDue to its shape, the PUMA is a&nbsp;great boat for both wild and calm water with shallows. It&#8217;s&nbsp;simple to control, yet it manages to hold its direction very well. The PUMA is quite wobbly, but no other ship can compete with it for speed. This beast was created by the best multi-medalist in the world, Ond\u0159ej Rolenc, so I&nbsp;think that says it all. It is the clear choice for those who want to rule the water.<\/p>\n","protected":false},"excerpt":{"rendered":"<p>The PUMA single canoe will work well on medium and heavy water terrains.<\/p>\n","protected":false},"featured_media":1806,"comment_status":"closed","ping_status":"closed","template":"","meta":[],"product_brand":[],"product_cat":[94,98,130],"product_tag":[],"class_list":{"0":"post-1325","1":"product","2":"type-product","3":"status-publish","4":"has-post-thumbnail","6":"product_cat-boats","7":"product_cat-down-river-boats","8":"product_cat-downriver_boats_c1","10":"first","11":"instock","12":"shipping-taxable","13":"product-type-simple"},"acf":[],"yoast_head":"<!-- This site is optimized with the Yoast SEO plugin v26.1.1 - https:\/\/yoast.com\/wordpress\/plugins\/seo\/ -->\n<title>PUMA downriver canoe - RK Company<\/title>\n<meta name=\"description\" content=\"Ond\u0159ej Rolenc: PUMA\u00a0was developed for top riders who demand perfect handling and maximum speed from their boat. Uncompromising rolling passages without stopping will amaze you with the speed and ease with which this boat can be driven.\" \/>\n<meta name=\"robots\" content=\"index, follow, max-snippet:-1, max-image-preview:large, max-video-preview:-1\" \/>\n<link rel=\"canonical\" href=\"https:\/\/rkcompany.com\/en\/produkt\/downriver-canoe-puma\/\" \/>\n<meta property=\"og:locale\" content=\"en_US\" \/>\n<meta property=\"og:type\" content=\"article\" \/>\n<meta property=\"og:title\" content=\"PUMA downriver canoe - RK Company\" \/>\n<meta property=\"og:description\" content=\"Ond\u0159ej Rolenc: PUMA\u00a0was developed for top riders who demand perfect handling and maximum speed from their boat. Uncompromising rolling passages without stopping will amaze you with the speed and ease with which this boat can be driven.\" \/>\n<meta property=\"og:url\" content=\"https:\/\/rkcompany.com\/en\/produkt\/downriver-canoe-puma\/\" \/>\n<meta property=\"og:site_name\" content=\"RK Company\" \/>\n<meta property=\"article:modified_time\" content=\"2023-12-27T21:12:34+00:00\" \/>\n<meta property=\"og:image\" content=\"https:\/\/rkcompany.com\/wp-content\/uploads\/2022\/10\/P1010222-scaled.jpg\" \/>\n\t<meta property=\"og:image:width\" content=\"2560\" \/>\n\t<meta property=\"og:image:height\" content=\"1920\" \/>\n\t<meta property=\"og:image:type\" content=\"image\/jpeg\" \/>\n<meta name=\"twitter:card\" content=\"summary_large_image\" \/>\n<meta name=\"twitter:label1\" content=\"Est. reading time\" \/>\n\t<meta name=\"twitter:data1\" content=\"4 minutes\" \/>\n<script type=\"application\/ld+json\" class=\"yoast-schema-graph\">{\"@context\":\"https:\/\/schema.org\",\"@graph\":[{\"@type\":\"WebPage\",\"@id\":\"https:\/\/rkcompany.com\/en\/produkt\/downriver-canoe-puma\/\",\"url\":\"https:\/\/rkcompany.com\/en\/produkt\/downriver-canoe-puma\/\",\"name\":\"PUMA downriver canoe - RK Company\",\"isPartOf\":{\"@id\":\"https:\/\/rkcompany.com\/#website\"},\"primaryImageOfPage\":{\"@id\":\"https:\/\/rkcompany.com\/en\/produkt\/downriver-canoe-puma\/#primaryimage\"},\"image\":{\"@id\":\"https:\/\/rkcompany.com\/en\/produkt\/downriver-canoe-puma\/#primaryimage\"},\"thumbnailUrl\":\"https:\/\/rkcompany.com\/wp-content\/uploads\/2022\/10\/P1010222-scaled.jpg\",\"datePublished\":\"2022-10-21T09:51:01+00:00\",\"dateModified\":\"2023-12-27T21:12:34+00:00\",\"description\":\"Ond\u0159ej Rolenc: PUMA\u00a0was developed for top riders who demand perfect handling and maximum speed from their boat. Uncompromising rolling passages without stopping will amaze you with the speed and ease with which this boat can be driven.\",\"breadcrumb\":{\"@id\":\"https:\/\/rkcompany.com\/en\/produkt\/downriver-canoe-puma\/#breadcrumb\"},\"inLanguage\":\"en-US\",\"potentialAction\":[{\"@type\":\"ReadAction\",\"target\":[\"https:\/\/rkcompany.com\/en\/produkt\/downriver-canoe-puma\/\"]}]},{\"@type\":\"ImageObject\",\"inLanguage\":\"en-US\",\"@id\":\"https:\/\/rkcompany.com\/en\/produkt\/downriver-canoe-puma\/#primaryimage\",\"url\":\"https:\/\/rkcompany.com\/wp-content\/uploads\/2022\/10\/P1010222-scaled.jpg\",\"contentUrl\":\"https:\/\/rkcompany.com\/wp-content\/uploads\/2022\/10\/P1010222-scaled.jpg\",\"width\":2560,\"height\":1920},{\"@type\":\"BreadcrumbList\",\"@id\":\"https:\/\/rkcompany.com\/en\/produkt\/downriver-canoe-puma\/#breadcrumb\",\"itemListElement\":[{\"@type\":\"ListItem\",\"position\":1,\"name\":\"Dom\u016f\",\"item\":\"https:\/\/rkcompany.com\/\"},{\"@type\":\"ListItem\",\"position\":2,\"name\":\"Obchod\",\"item\":\"https:\/\/rkcompany.com\/obchod\/\"},{\"@type\":\"ListItem\",\"position\":3,\"name\":\"PUMA\"}]},{\"@type\":\"WebSite\",\"@id\":\"https:\/\/rkcompany.com\/#website\",\"url\":\"https:\/\/rkcompany.com\/\",\"name\":\"RK Company\",\"description\":\"V\u00fdvoji a stavba lod\u00ed, p\u00e1del a p\u0159\u00edslu\u0161enstv\u00ed\",\"potentialAction\":[{\"@type\":\"SearchAction\",\"target\":{\"@type\":\"EntryPoint\",\"urlTemplate\":\"https:\/\/rkcompany.com\/?s={search_term_string}\"},\"query-input\":{\"@type\":\"PropertyValueSpecification\",\"valueRequired\":true,\"valueName\":\"search_term_string\"}}],\"inLanguage\":\"en-US\"}]}<\/script>\n<!-- \/ Yoast SEO plugin. -->","yoast_head_json":{"title":"PUMA downriver canoe - RK Company","description":"Ond\u0159ej Rolenc: PUMA\u00a0was developed for top riders who demand perfect handling and maximum speed from their boat. Uncompromising rolling passages without stopping will amaze you with the speed and ease with which this boat can be driven.","robots":{"index":"index","follow":"follow","max-snippet":"max-snippet:-1","max-image-preview":"max-image-preview:large","max-video-preview":"max-video-preview:-1"},"canonical":"https:\/\/rkcompany.com\/en\/produkt\/downriver-canoe-puma\/","og_locale":"en_US","og_type":"article","og_title":"PUMA downriver canoe - RK Company","og_description":"Ond\u0159ej Rolenc: PUMA\u00a0was developed for top riders who demand perfect handling and maximum speed from their boat. Uncompromising rolling passages without stopping will amaze you with the speed and ease with which this boat can be driven.","og_url":"https:\/\/rkcompany.com\/en\/produkt\/downriver-canoe-puma\/","og_site_name":"RK Company","article_modified_time":"2023-12-27T21:12:34+00:00","og_image":[{"width":2560,"height":1920,"url":"https:\/\/rkcompany.com\/wp-content\/uploads\/2022\/10\/P1010222-scaled.jpg","type":"image\/jpeg"}],"twitter_card":"summary_large_image","twitter_misc":{"Est. reading time":"4 minutes"},"schema":{"@context":"https:\/\/schema.org","@graph":[{"@type":"WebPage","@id":"https:\/\/rkcompany.com\/en\/produkt\/downriver-canoe-puma\/","url":"https:\/\/rkcompany.com\/en\/produkt\/downriver-canoe-puma\/","name":"PUMA downriver canoe - RK Company","isPartOf":{"@id":"https:\/\/rkcompany.com\/#website"},"primaryImageOfPage":{"@id":"https:\/\/rkcompany.com\/en\/produkt\/downriver-canoe-puma\/#primaryimage"},"image":{"@id":"https:\/\/rkcompany.com\/en\/produkt\/downriver-canoe-puma\/#primaryimage"},"thumbnailUrl":"https:\/\/rkcompany.com\/wp-content\/uploads\/2022\/10\/P1010222-scaled.jpg","datePublished":"2022-10-21T09:51:01+00:00","dateModified":"2023-12-27T21:12:34+00:00","description":"Ond\u0159ej Rolenc: PUMA\u00a0was developed for top riders who demand perfect handling and maximum speed from their boat. Uncompromising rolling passages without stopping will amaze you with the speed and ease with which this boat can be driven.","breadcrumb":{"@id":"https:\/\/rkcompany.com\/en\/produkt\/downriver-canoe-puma\/#breadcrumb"},"inLanguage":"en-US","potentialAction":[{"@type":"ReadAction","target":["https:\/\/rkcompany.com\/en\/produkt\/downriver-canoe-puma\/"]}]},{"@type":"ImageObject","inLanguage":"en-US","@id":"https:\/\/rkcompany.com\/en\/produkt\/downriver-canoe-puma\/#primaryimage","url":"https:\/\/rkcompany.com\/wp-content\/uploads\/2022\/10\/P1010222-scaled.jpg","contentUrl":"https:\/\/rkcompany.com\/wp-content\/uploads\/2022\/10\/P1010222-scaled.jpg","width":2560,"height":1920},{"@type":"BreadcrumbList","@id":"https:\/\/rkcompany.com\/en\/produkt\/downriver-canoe-puma\/#breadcrumb","itemListElement":[{"@type":"ListItem","position":1,"name":"Dom\u016f","item":"https:\/\/rkcompany.com\/"},{"@type":"ListItem","position":2,"name":"Obchod","item":"https:\/\/rkcompany.com\/obchod\/"},{"@type":"ListItem","position":3,"name":"PUMA"}]},{"@type":"WebSite","@id":"https:\/\/rkcompany.com\/#website","url":"https:\/\/rkcompany.com\/","name":"RK Company","description":"V\u00fdvoji a stavba lod\u00ed, p\u00e1del a p\u0159\u00edslu\u0161enstv\u00ed","potentialAction":[{"@type":"SearchAction","target":{"@type":"EntryPoint","urlTemplate":"https:\/\/rkcompany.com\/?s={search_term_string}"},"query-input":{"@type":"PropertyValueSpecification","valueRequired":true,"valueName":"search_term_string"}}],"inLanguage":"en-US"}]}},"_links":{"self":[{"href":"https:\/\/rkcompany.com\/en\/wp-json\/wp\/v2\/product\/1325","targetHints":{"allow":["GET"]}}],"collection":[{"href":"https:\/\/rkcompany.com\/en\/wp-json\/wp\/v2\/product"}],"about":[{"href":"https:\/\/rkcompany.com\/en\/wp-json\/wp\/v2\/types\/product"}],"replies":[{"embeddable":true,"href":"https:\/\/rkcompany.com\/en\/wp-json\/wp\/v2\/comments?post=1325"}],"wp:featuredmedia":[{"embeddable":true,"href":"https:\/\/rkcompany.com\/en\/wp-json\/wp\/v2\/media\/1806"}],"wp:attachment":[{"href":"https:\/\/rkcompany.com\/en\/wp-json\/wp\/v2\/media?parent=1325"}],"wp:term":[{"taxonomy":"product_brand","embeddable":true,"href":"https:\/\/rkcompany.com\/en\/wp-json\/wp\/v2\/product_brand?post=1325"},{"taxonomy":"product_cat","embeddable":true,"href":"https:\/\/rkcompany.com\/en\/wp-json\/wp\/v2\/product_cat?post=1325"},{"taxonomy":"product_tag","embeddable":true,"href":"https:\/\/rkcompany.com\/en\/wp-json\/wp\/v2\/product_tag?post=1325"}],"curies":[{"name":"wp","href":"https:\/\/api.w.org\/{rel}","templated":true}]}}