{"id":1110,"date":"2022-11-15T12:39:09","date_gmt":"2022-11-15T11:39:09","guid":{"rendered":"http:\/\/rkcompany.com\/paddles\/padla-pro-sjezdare\/c1-a-c2\/"},"modified":"2024-01-14T17:40:03","modified_gmt":"2024-01-14T16:40:03","slug":"c1-and-c2","status":"publish","type":"page","link":"https:\/\/rkcompany.com\/en\/paddles\/downriver-paddles\/c1-and-c2\/","title":{"rendered":"C1 and C2"},"content":{"rendered":"<div class=\"fusion-fullwidth fullwidth-box fusion-builder-row-1 fusion-flex-container has-pattern-background has-mask-background nonhundred-percent-fullwidth non-hundred-percent-height-scrolling\" style=\"--awb-border-radius-top-left:0px;--awb-border-radius-top-right:0px;--awb-border-radius-bottom-right:0px;--awb-border-radius-bottom-left:0px;--awb-padding-top:5rem;--awb-padding-bottom:3.75rem;--awb-flex-wrap:wrap;\" ><div class=\"fusion-builder-row fusion-row fusion-flex-align-items-flex-start fusion-flex-content-wrap\" style=\"max-width:1300px;margin-left: calc(-4% \/ 2 );margin-right: calc(-4% \/ 2 );\"><div class=\"fusion-layout-column fusion_builder_column fusion-builder-column-0 fusion_builder_column_1_1 1_1 fusion-flex-column\" style=\"--awb-bg-size:cover;--awb-width-large:100%;--awb-margin-top-large:0px;--awb-spacing-right-large:1.92%;--awb-margin-bottom-large:3.75rem;--awb-spacing-left-large:1.92%;--awb-width-medium:100%;--awb-order-medium:0;--awb-spacing-right-medium:1.92%;--awb-spacing-left-medium:1.92%;--awb-width-small:100%;--awb-order-small:0;--awb-spacing-right-small:1.92%;--awb-spacing-left-small:1.92%;\"><div class=\"fusion-column-wrapper fusion-column-has-shadow fusion-flex-justify-content-flex-start fusion-content-layout-column\"><div class=\"fusion-title title fusion-title-1 fusion-sep-none fusion-title-center fusion-title-text fusion-title-size-one\" style=\"--awb-margin-top:0px;--awb-margin-right:0px;--awb-margin-bottom:0px;--awb-margin-left:0px;--awb-margin-top-small:0px;--awb-margin-right-small:0px;--awb-margin-left-small:0px;\"><h1 class=\"fusion-title-heading title-heading-center fusion-responsive-typography-calculated\" style=\"margin:0;--fontSize:46;line-height:var(--awb-typography1-line-height);\">C1 and C2<\/h1><\/div><nav class=\"fusion-breadcrumbs awb-yoast-breadcrumbs fusion-breadcrumbs-1\" style=\"--awb-alignment:center;--awb-breadcrumb-sep:&#039;\/&#039;;text-align:center;\" aria-label=\"Breadcrumb\"><span><span><a href=\"https:\/\/rkcompany.com\/\">Dom\u016f<\/a><\/span><\/span><\/nav><\/div><\/div><div class=\"fusion-layout-column fusion_builder_column fusion-builder-column-1 fusion_builder_column_1_1 1_1 fusion-flex-column\" style=\"--awb-bg-size:cover;--awb-width-large:100%;--awb-margin-top-large:0px;--awb-spacing-right-large:1.92%;--awb-margin-bottom-large:0px;--awb-spacing-left-large:1.92%;--awb-width-medium:100%;--awb-order-medium:0;--awb-spacing-right-medium:1.92%;--awb-spacing-left-medium:1.92%;--awb-width-small:100%;--awb-order-small:0;--awb-spacing-right-small:1.92%;--awb-spacing-left-small:1.92%;\"><div class=\"fusion-column-wrapper fusion-column-has-shadow fusion-flex-justify-content-flex-start fusion-content-layout-column\"><div class=\"fusion-post-cards fusion-post-cards-1 fusion-grid-archive fusion-grid-columns-3\" style=\"--awb-columns:3;--awb-active-filter-border-size:3px;--awb-filters-height:36px;\"><ul class=\"fusion-grid fusion-grid-3 fusion-flex-align-items-stretch fusion-grid-posts-cards fusion-grid-container-infinite\" data-pages=\"1\"><li class=\"fusion-layout-column fusion_builder_column fusion-builder-column-2 fusion-flex-column productMiniature fusion-column-inner-bg-wrapper post-card fusion-grid-column fusion-post-cards-grid-column product-grid-view product type-product\" style=\"--awb-overflow:hidden;--awb-inner-bg-color:#e4e6ea;--awb-inner-bg-color-hover:#e4e6ea;--awb-inner-bg-blend:overlay;--awb-inner-bg-size:cover;--awb-border-radius:35px 35px 35px 35px;--awb-inner-bg-border-radius:35px 35px 35px 35px;--awb-inner-bg-overflow:hidden;\"><span class=\"fusion-column-inner-bg hover-type-none\"><a class=\"fusion-column-anchor\" href=\"https:\/\/rkcompany.com\/en\/produkt\/vim-paddle-for-canoe\/\"><span class=\"fusion-column-inner-bg-image\"><\/span><\/a><\/span><div class=\"fusion-column-wrapper fusion-column-has-shadow fusion-flex-justify-content-flex-start fusion-content-layout-column\"><div class=\"fusion-title title fusion-title-2 fusion-sep-none fusion-title-center fusion-title-text fusion-title-size-two\" style=\"--awb-margin-top:1.25rem;--awb-margin-right:1.25rem;--awb-margin-bottom:1.25rem;--awb-margin-left:1.25rem;--awb-margin-top-small:0px;--awb-margin-right-small:0px;--awb-margin-left-small:0px;--awb-font-size:1.5rem;\"><h2 class=\"fusion-title-heading title-heading-center fusion-responsive-typography-calculated\" style=\"margin:0;font-size:1em;--fontSize:22.5;line-height:var(--awb-typography1-line-height);\">VIM<\/h2><\/div><div class=\"fusion-clean-product-image-wrapper fusion-woo-product-image fusion-post-card-image fusion-post-card-image-1 images\" data-layout=\"static\"><div  class=\"woocommerce-product-gallery__image fusion-image-wrapper\" aria-haspopup=\"true\">\n\t\t\t\t\t\t\t<a href=\"https:\/\/rkcompany.com\/en\/produkt\/vim-paddle-for-canoe\/\" aria-label=\"VIM\">\n\t\t\t\t\t\t\t<img decoding=\"async\" width=\"1881\" height=\"2440\" src=\"https:\/\/rkcompany.com\/wp-content\/uploads\/2023\/12\/DSCF9588.jpg\" class=\"attachment-full size-full lazyload wp-post-image\" alt=\"\" srcset=\"data:image\/svg+xml,%3Csvg%20xmlns%3D%27http%3A%2F%2Fwww.w3.org%2F2000%2Fsvg%27%20width%3D%271881%27%20height%3D%272440%27%20viewBox%3D%270%200%201881%202440%27%3E%3Crect%20width%3D%271881%27%20height%3D%272440%27%20fill-opacity%3D%220%22%2F%3E%3C%2Fsvg%3E\" data-orig-src=\"https:\/\/rkcompany.com\/wp-content\/uploads\/2023\/12\/DSCF9588.jpg\" data-srcset=\"https:\/\/rkcompany.com\/wp-content\/uploads\/2023\/12\/DSCF9588-200x259.jpg 200w, https:\/\/rkcompany.com\/wp-content\/uploads\/2023\/12\/DSCF9588-400x519.jpg 400w, https:\/\/rkcompany.com\/wp-content\/uploads\/2023\/12\/DSCF9588-600x778.jpg 600w, https:\/\/rkcompany.com\/wp-content\/uploads\/2023\/12\/DSCF9588-800x1038.jpg 800w, https:\/\/rkcompany.com\/wp-content\/uploads\/2023\/12\/DSCF9588-1200x1557.jpg 1200w, https:\/\/rkcompany.com\/wp-content\/uploads\/2023\/12\/DSCF9588.jpg 1881w\" data-sizes=\"auto\" data-caption=\"\" data-src=\"https:\/\/rkcompany.com\/wp-content\/uploads\/2023\/12\/DSCF9588.jpg\" data-large_image=\"https:\/\/rkcompany.com\/wp-content\/uploads\/2023\/12\/DSCF9588.jpg\" data-large_image_width=\"1881\" data-large_image_height=\"2440\" \/><div class=\"cart-loading\"><i class=\"awb-icon-spinner\" aria-hidden=\"true\"><\/i><\/div>\t\t\t<\/a>\n\t\t\t\t\t\t\t<\/div>\n<\/div><div class=\"fusion-text fusion-text-1\" style=\"--awb-content-alignment:center;--awb-margin-top:1.25rem;--awb-margin-right:1.25rem;--awb-margin-left:1.25rem;\"><p>The VIM canoe blade, with its ideal shape and curvature, guarantees an unprecedented and uncompromising transmission of power into the stroke.<\/p>\n<\/div><\/div><\/li>\n<\/ul><\/div><\/div><\/div><\/div><\/div>\n","protected":false},"excerpt":{"rendered":"","protected":false},"author":1,"featured_media":0,"parent":1109,"menu_order":0,"comment_status":"closed","ping_status":"closed","template":"100-width.php","meta":{"footnotes":""},"class_list":["post-1110","page","type-page","status-publish","hentry"],"acf":[],"yoast_head":"<!-- This site is optimized with the Yoast SEO plugin v26.1.1 - https:\/\/yoast.com\/wordpress\/plugins\/seo\/ -->\n<title>C1 and C2 - RK Company<\/title>\n<meta name=\"robots\" content=\"index, follow, max-snippet:-1, max-image-preview:large, max-video-preview:-1\" \/>\n<link rel=\"canonical\" href=\"https:\/\/rkcompany.com\/padla\/padla-pro-sjezdare\/c1-a-c2\/\" \/>\n<meta property=\"og:locale\" content=\"en_US\" \/>\n<meta property=\"og:type\" content=\"article\" \/>\n<meta property=\"og:title\" content=\"C1 and C2 - RK Company\" \/>\n<meta property=\"og:url\" content=\"https:\/\/rkcompany.com\/padla\/padla-pro-sjezdare\/c1-a-c2\/\" \/>\n<meta property=\"og:site_name\" content=\"RK Company\" \/>\n<meta property=\"article:modified_time\" content=\"2024-01-14T16:40:03+00:00\" \/>\n<meta name=\"twitter:card\" content=\"summary_large_image\" \/>\n<meta name=\"twitter:label1\" content=\"Est. reading time\" \/>\n\t<meta name=\"twitter:data1\" content=\"4 minutes\" \/>\n<script type=\"application\/ld+json\" class=\"yoast-schema-graph\">{\"@context\":\"https:\/\/schema.org\",\"@graph\":[{\"@type\":\"WebPage\",\"@id\":\"https:\/\/rkcompany.com\/padla\/padla-pro-sjezdare\/c1-a-c2\/\",\"url\":\"https:\/\/rkcompany.com\/padla\/padla-pro-sjezdare\/c1-a-c2\/\",\"name\":\"C1 and C2 - RK Company\",\"isPartOf\":{\"@id\":\"https:\/\/rkcompany.com\/#website\"},\"datePublished\":\"2022-11-15T11:39:09+00:00\",\"dateModified\":\"2024-01-14T16:40:03+00:00\",\"breadcrumb\":{\"@id\":\"https:\/\/rkcompany.com\/padla\/padla-pro-sjezdare\/c1-a-c2\/#breadcrumb\"},\"inLanguage\":\"en-US\",\"potentialAction\":[{\"@type\":\"ReadAction\",\"target\":[\"https:\/\/rkcompany.com\/padla\/padla-pro-sjezdare\/c1-a-c2\/\"]}]},{\"@type\":\"BreadcrumbList\",\"@id\":\"https:\/\/rkcompany.com\/padla\/padla-pro-sjezdare\/c1-a-c2\/#breadcrumb\",\"itemListElement\":[{\"@type\":\"ListItem\",\"position\":1,\"name\":\"Dom\u016f\",\"item\":\"https:\/\/rkcompany.com\/\"},{\"@type\":\"ListItem\",\"position\":2,\"name\":\"Paddles\",\"item\":\"https:\/\/rkcompany.com\/padla\/\"},{\"@type\":\"ListItem\",\"position\":3,\"name\":\"Downriver paddles\",\"item\":\"https:\/\/rkcompany.com\/padla\/padla-pro-sjezdare\/\"},{\"@type\":\"ListItem\",\"position\":4,\"name\":\"C1 and C2\"}]},{\"@type\":\"WebSite\",\"@id\":\"https:\/\/rkcompany.com\/#website\",\"url\":\"https:\/\/rkcompany.com\/\",\"name\":\"RK Company\",\"description\":\"V\u00fdvoji a stavba lod\u00ed, p\u00e1del a p\u0159\u00edslu\u0161enstv\u00ed\",\"potentialAction\":[{\"@type\":\"SearchAction\",\"target\":{\"@type\":\"EntryPoint\",\"urlTemplate\":\"https:\/\/rkcompany.com\/?s={search_term_string}\"},\"query-input\":{\"@type\":\"PropertyValueSpecification\",\"valueRequired\":true,\"valueName\":\"search_term_string\"}}],\"inLanguage\":\"en-US\"}]}<\/script>\n<!-- \/ Yoast SEO plugin. -->","yoast_head_json":{"title":"C1 and C2 - RK Company","robots":{"index":"index","follow":"follow","max-snippet":"max-snippet:-1","max-image-preview":"max-image-preview:large","max-video-preview":"max-video-preview:-1"},"canonical":"https:\/\/rkcompany.com\/padla\/padla-pro-sjezdare\/c1-a-c2\/","og_locale":"en_US","og_type":"article","og_title":"C1 and C2 - RK Company","og_url":"https:\/\/rkcompany.com\/padla\/padla-pro-sjezdare\/c1-a-c2\/","og_site_name":"RK Company","article_modified_time":"2024-01-14T16:40:03+00:00","twitter_card":"summary_large_image","twitter_misc":{"Est. reading time":"4 minutes"},"schema":{"@context":"https:\/\/schema.org","@graph":[{"@type":"WebPage","@id":"https:\/\/rkcompany.com\/padla\/padla-pro-sjezdare\/c1-a-c2\/","url":"https:\/\/rkcompany.com\/padla\/padla-pro-sjezdare\/c1-a-c2\/","name":"C1 and C2 - RK Company","isPartOf":{"@id":"https:\/\/rkcompany.com\/#website"},"datePublished":"2022-11-15T11:39:09+00:00","dateModified":"2024-01-14T16:40:03+00:00","breadcrumb":{"@id":"https:\/\/rkcompany.com\/padla\/padla-pro-sjezdare\/c1-a-c2\/#breadcrumb"},"inLanguage":"en-US","potentialAction":[{"@type":"ReadAction","target":["https:\/\/rkcompany.com\/padla\/padla-pro-sjezdare\/c1-a-c2\/"]}]},{"@type":"BreadcrumbList","@id":"https:\/\/rkcompany.com\/padla\/padla-pro-sjezdare\/c1-a-c2\/#breadcrumb","itemListElement":[{"@type":"ListItem","position":1,"name":"Dom\u016f","item":"https:\/\/rkcompany.com\/"},{"@type":"ListItem","position":2,"name":"Paddles","item":"https:\/\/rkcompany.com\/padla\/"},{"@type":"ListItem","position":3,"name":"Downriver paddles","item":"https:\/\/rkcompany.com\/padla\/padla-pro-sjezdare\/"},{"@type":"ListItem","position":4,"name":"C1 and C2"}]},{"@type":"WebSite","@id":"https:\/\/rkcompany.com\/#website","url":"https:\/\/rkcompany.com\/","name":"RK Company","description":"V\u00fdvoji a stavba lod\u00ed, p\u00e1del a p\u0159\u00edslu\u0161enstv\u00ed","potentialAction":[{"@type":"SearchAction","target":{"@type":"EntryPoint","urlTemplate":"https:\/\/rkcompany.com\/?s={search_term_string}"},"query-input":{"@type":"PropertyValueSpecification","valueRequired":true,"valueName":"search_term_string"}}],"inLanguage":"en-US"}]}},"_links":{"self":[{"href":"https:\/\/rkcompany.com\/en\/wp-json\/wp\/v2\/pages\/1110","targetHints":{"allow":["GET"]}}],"collection":[{"href":"https:\/\/rkcompany.com\/en\/wp-json\/wp\/v2\/pages"}],"about":[{"href":"https:\/\/rkcompany.com\/en\/wp-json\/wp\/v2\/types\/page"}],"author":[{"embeddable":true,"href":"https:\/\/rkcompany.com\/en\/wp-json\/wp\/v2\/users\/1"}],"replies":[{"embeddable":true,"href":"https:\/\/rkcompany.com\/en\/wp-json\/wp\/v2\/comments?post=1110"}],"version-history":[{"count":3,"href":"https:\/\/rkcompany.com\/en\/wp-json\/wp\/v2\/pages\/1110\/revisions"}],"predecessor-version":[{"id":4156,"href":"https:\/\/rkcompany.com\/en\/wp-json\/wp\/v2\/pages\/1110\/revisions\/4156"}],"up":[{"embeddable":true,"href":"https:\/\/rkcompany.com\/en\/wp-json\/wp\/v2\/pages\/1109"}],"wp:attachment":[{"href":"https:\/\/rkcompany.com\/en\/wp-json\/wp\/v2\/media?parent=1110"}],"curies":[{"name":"wp","href":"https:\/\/api.w.org\/{rel}","templated":true}]}}